{"id":20,"date":"2020-02-10T19:08:21","date_gmt":"2020-02-10T19:08:21","guid":{"rendered":"https:\/\/dev.erica-kessler.com\/?page_id=20"},"modified":"2021-04-27T09:10:08","modified_gmt":"2021-04-27T07:10:08","slug":"contact-erica-kessler","status":"publish","type":"page","link":"https:\/\/dev.erica-kessler.com\/de\/contact-erica-kessler\/","title":{"rendered":"Kontakt"},"content":{"rendered":"<div class=\"fl-builder-content fl-builder-content-20 fl-builder-global-templates-locked\" data-post-id=\"20\"><div class=\"fl-row fl-row-fixed-width fl-row-bg-none fl-node-5ec6f26fe4150\" data-node=\"5ec6f26fe4150\">\n\t<div class=\"fl-row-content-wrap\">\n\t\t<div class=\"uabb-row-separator uabb-top-row-separator\" >\r\n<\/div>\r\n\t\t\t\t\t\t<div class=\"fl-row-content fl-row-fixed-width fl-node-content\">\n\t\t\n<div class=\"fl-col-group fl-node-5ed0033469af1\" data-node=\"5ed0033469af1\">\n\t\t\t<div class=\"fl-col fl-node-5ed0033469dad\" data-node=\"5ed0033469dad\">\n\t<div class=\"fl-col-content fl-node-content\">\n\t<div class=\"fl-module fl-module-heading fl-node-5e6812fe8d192\" data-node=\"5e6812fe8d192\">\n\t<div class=\"fl-module-content fl-node-content\">\n\t\t<h3 class=\"fl-heading\">\n\t\t<span class=\"fl-heading-text\">Lassen Sie uns besprechen, wie wir gemeinsam mithilfe von LinkedIn-Marketing Ihre Reichweite erh\u00f6hen, mehr Business generieren, potenzielle Kunden identifizieren, f\u00fcr Sie eine neue Stelle finden oder auch Talente gewinnen k\u00f6nnen.<\/span>\n\t<\/h3>\n\t<\/div>\n<\/div>\n\t<\/div>\n<\/div>\n\t<\/div>\n\n<div class=\"fl-col-group fl-node-5ec6f27003a1f\" data-node=\"5ec6f27003a1f\">\n\t\t\t<div class=\"fl-col fl-node-5ec6f27003c77\" data-node=\"5ec6f27003c77\">\n\t<div class=\"fl-col-content fl-node-content\">\n\t<div class=\"fl-module fl-module-icon fl-node-5ec6f26fe3235\" data-node=\"5ec6f26fe3235\">\n\t<div class=\"fl-module-content fl-node-content\">\n\t\t<div class=\"fl-icon-wrap\">\n\t<span class=\"fl-icon\">\n\t\t\t\t\t\t\t\t<a href=\"\/de\/hello@erica-kessler.com\/\" target=\"_blank\" tabindex=\"-1\" aria-hidden=\"true\" aria-labelledby=\"fl-icon-text-5ec6f26fe3235\" rel=\"noopener\" >\n\t\t\t\t\t\t\t<i class=\"dashicons dashicons-before dashicons-email\" aria-hidden=\"true\"><\/i>\n\t\t\t\t\t\t<\/a>\n\t\t\t<\/span>\n\t\t\t<div id=\"fl-icon-text-5ec6f26fe3235\" class=\"fl-icon-text\">\n\t\t\t\t\t\t<a href=\"\/de\/hello@erica-kessler.com\/\" target=\"_blank\" class=\"fl-icon-text-link fl-icon-text-wrap\" rel=\"noopener\" >\n\t\t\t\t\t\t<p><a href=\"mailto:hello@erica-kessler.com\">hello@erica-kessler.com<\/a><\/p>\t\t\t\t\t\t<\/a>\n\t\t\t\t\t<\/div>\n\t<\/div>\n\t<\/div>\n<\/div>\n<div class=\"fl-module fl-module-icon fl-node-5ec6f2c312d95\" data-node=\"5ec6f2c312d95\">\n\t<div class=\"fl-module-content fl-node-content\">\n\t\t<div class=\"fl-icon-wrap\">\n\t<span class=\"fl-icon\">\n\t\t\t\t<i class=\"ua-icon ua-icon-mobile2\" aria-hidden=\"true\"><\/i>\n\t\t\t\t\t<\/span>\n\t\t\t<div id=\"fl-icon-text-5ec6f2c312d95\" class=\"fl-icon-text fl-icon-text-wrap\">\n\t\t\t\t\t\t<p>Rufen Sie mich an:  +41 78 936 75 20<\/p>\t\t\t\t\t<\/div>\n\t<\/div>\n\t<\/div>\n<\/div>\n<div class=\"fl-module fl-module-heading fl-node-5e6cf49763a98\" data-node=\"5e6cf49763a98\">\n\t<div class=\"fl-module-content fl-node-content\">\n\t\t<h4 class=\"fl-heading\">\n\t\t<span class=\"fl-heading-text\">Ich freue mich, von Ihnen zu h\u00f6ren. Social Greetings, Erica Kessler<\/span>\n\t<\/h4>\n\t<\/div>\n<\/div>\n\t<\/div>\n<\/div>\n\t<\/div>\n\t\t<\/div>\n\t<\/div>\n<\/div>\n<div class=\"fl-row fl-row-fixed-width fl-row-bg-none fl-node-5e6cf47faef83\" data-node=\"5e6cf47faef83\">\n\t<div class=\"fl-row-content-wrap\">\n\t\t<div class=\"uabb-row-separator uabb-top-row-separator\" >\r\n<\/div>\r\n\t\t\t\t\t\t<div class=\"fl-row-content fl-row-fixed-width fl-node-content\">\n\t\t\n<div class=\"fl-col-group fl-node-5e6cf47fb871d\" data-node=\"5e6cf47fb871d\">\n\t\t\t<div class=\"fl-col fl-node-5e6cf47fb88e8\" data-node=\"5e6cf47fb88e8\">\n\t<div class=\"fl-col-content fl-node-content\">\n\t<div class=\"fl-module fl-module-widget fl-node-5eb67f1e56a84\" data-node=\"5eb67f1e56a84\">\n\t<div class=\"fl-module-content fl-node-content\">\n\t\t<div class=\"fl-widget\">\n<div class=\"widget wpforms-widget\"><div class=\"wpforms-container wpforms-container-full\" id=\"wpforms-197\"><form id=\"wpforms-form-197\" class=\"wpforms-validate wpforms-form\" data-formid=\"197\" method=\"post\" enctype=\"multipart\/form-data\" action=\"\/de\/wp-json\/wp\/v2\/pages\/20\" data-token=\"253b3f17e6c756547a64fbc319ac8229\" data-token-time=\"1776047656\" data-trp-original-action=\"\/de\/wp-json\/wp\/v2\/pages\/20\"><noscript class=\"wpforms-error-noscript\">Bitte aktiviere JavaScript in deinem Browser, um dieses Formular fertigzustellen.<\/noscript><div class=\"wpforms-field-container\"><div id=\"wpforms-197-field_0-container\" class=\"wpforms-field wpforms-field-name\" data-field-id=\"0\"><label class=\"wpforms-field-label\" for=\"wpforms-197-field_0\">Name <span class=\"wpforms-required-label\">*<\/span><\/label><div class=\"wpforms-field-row wpforms-field-medium\"><div class=\"wpforms-field-row-block wpforms-first wpforms-one-half\"><input type=\"text\" id=\"wpforms-197-field_0\" class=\"wpforms-field-name-first wpforms-field-required\" name=\"wpforms[fields][0][first]\" required><label for=\"wpforms-197-field_0\" class=\"wpforms-field-sublabel after\">Vorname<\/label><\/div><div class=\"wpforms-field-row-block wpforms-one-half\"><input type=\"text\" id=\"wpforms-197-field_0-last\" class=\"wpforms-field-name-last wpforms-field-required\" name=\"wpforms[fields][0][last]\" required><label for=\"wpforms-197-field_0-last\" class=\"wpforms-field-sublabel after\">Nachname<\/label><\/div><\/div><\/div><div id=\"wpforms-197-field_1-container\" class=\"wpforms-field wpforms-field-email\" data-field-id=\"1\"><label class=\"wpforms-field-label\" for=\"wpforms-197-field_1\">E-Mail <span class=\"wpforms-required-label\">*<\/span><\/label><input type=\"email\" id=\"wpforms-197-field_1\" class=\"wpforms-field-medium wpforms-field-required\" name=\"wpforms[fields][1]\" spellcheck=\"false\" required><div class=\"wpforms-field-description\"> <\/div><\/div><div id=\"wpforms-197-field_7-container\" class=\"wpforms-field wpforms-field-text\" data-field-id=\"7\"><label class=\"wpforms-field-label\" for=\"wpforms-197-field_7\">Telefonnummer<\/label><input type=\"text\" id=\"wpforms-197-field_7\" class=\"wpforms-field-medium\" name=\"wpforms[fields][7]\" ><div class=\"wpforms-field-description\">Erg\u00e4nzen Sie die internationale Nummer<\/div><\/div><div id=\"wpforms-197-field_36-container\" class=\"wpforms-field wpforms-field-text\" data-field-id=\"36\"><label class=\"wpforms-field-label\" for=\"wpforms-197-field_36\">LinkedIn-URL<\/label><input type=\"text\" id=\"wpforms-197-field_36\" class=\"wpforms-field-medium\" name=\"wpforms[fields][36]\" ><div class=\"wpforms-field-description\">Erg\u00e4nzen Sie die Linkedin-URL Ihres pers\u00f6nlichen Profils oder der Unternehmensseite<\/div><\/div><div id=\"wpforms-197-field_4-container\" class=\"wpforms-field wpforms-field-textarea\" data-field-id=\"4\"><label class=\"wpforms-field-label\" for=\"wpforms-197-field_4\">Nachricht <span class=\"wpforms-required-label\">*<\/span><\/label><textarea id=\"wpforms-197-field_4\" class=\"wpforms-field-medium wpforms-field-required\" name=\"wpforms[fields][4]\" required><\/textarea><\/div><\/div><!-- .wpforms-field-container --><div class=\"wpforms-field wpforms-field-hp\"><label for=\"wpforms-197-field-hp\" class=\"wpforms-field-label\">Nachricht<\/label><input type=\"text\" name=\"wpforms[hp]\" id=\"wpforms-197-field-hp\" class=\"wpforms-field-medium\"><\/div><div class=\"wpforms-recaptcha-container wpforms-is-recaptcha wpforms-is-recaptcha-type-v3\" ><input type=\"hidden\" name=\"wpforms[recaptcha]\" value=\"\"><\/div><div class=\"wpforms-submit-container\" ><input type=\"hidden\" name=\"wpforms[id]\" value=\"197\"><input type=\"hidden\" name=\"page_title\" value=\"\"><input type=\"hidden\" name=\"page_url\" value=\"https:\/\/dev.erica-kessler.com\/de\/wp-json\/wp\/v2\/pages\/20\"><button type=\"submit\" name=\"wpforms[submit]\" id=\"wpforms-submit-197\" class=\"wpforms-submit helloerica-kesslercom\" data-alt-text=\"Sending... almost there.\" data-submit-text=\"Send\" aria-live=\"assertive\" value=\"wpforms-submit\">Senden<\/button><\/div><input type=\"hidden\" name=\"trp-form-language\" value=\"de\"\/><\/form><\/div>  <!-- .wpforms-container --><\/div><\/div>\n\t<\/div>\n<\/div>\n\t<\/div>\n<\/div>\n\t\t\t<div class=\"fl-col fl-node-5e6cf47fb88f2 fl-col-small\" data-node=\"5e6cf47fb88f2\">\n\t<div class=\"fl-col-content fl-node-content\">\n\t<div class=\"fl-module fl-module-rich-text fl-node-5ec6f38d6b869\" data-node=\"5ec6f38d6b869\">\n\t<div class=\"fl-module-content fl-node-content\">\n\t\t<div class=\"fl-rich-text\">\n\t<p><strong>B\u00fcro und Situungszimmer <\/strong><\/p>\n<p>Lindenbachstrasse 56<br \/>\n8006 Z\u00fcrich\/Schweiz<\/p>\n<\/div>\n\t<\/div>\n<\/div>\n<div class=\"fl-module fl-module-photo fl-node-5e6812fe8d195\" data-node=\"5e6812fe8d195\">\n\t<div class=\"fl-module-content fl-node-content\">\n\t\t<div class=\"fl-photo fl-photo-crop-landscape fl-photo-align-center\" itemscope itemtype=\"https:\/\/schema.org\/ImageObject\">\n\t<div class=\"fl-photo-content fl-photo-img-jpg\">\n\t\t\t\t<img loading=\"lazy\" decoding=\"async\" class=\"fl-photo-img wp-image-676 size-large\" src=\"https:\/\/dev.erica-kessler.com\/wp-content\/uploads\/bb-plugin\/cache\/erica-kessler-linkedin-trainer-consultant-lecturer-speaker-1024x684-landscape.jpg\" alt=\"erica kessler linkedin trainer consultant lecturer speaker\" itemprop=\"image\" height=\"684\" width=\"1024\" title=\"erica kessler linkedin trainerin beraterin dozentin referentin\"  \/>\n\t\t\t\t\t<\/div>\n\t<\/div>\n\t<\/div>\n<\/div>\n<div class=\"fl-module fl-module-rich-text fl-node-5ed00b505a8c8\" data-node=\"5ed00b505a8c8\">\n\t<div class=\"fl-module-content fl-node-content\">\n\t\t<div class=\"fl-rich-text\">\n\t<h5><strong>Lindenbachstrasse 56, 8006 Zurich<\/strong><br \/>\n15 Gehminuten vom Z\u00fcrcher Hauptbahnhof. 5 Gehminuten von der Tramstation Kronenstrasse. Parkpl\u00e4tze an der Strasse oder in den Parkh\u00e4usern in der N\u00e4he.<\/h5>\n<\/div>\n\t<\/div>\n<\/div>\n\t<\/div>\n<\/div>\n\t<\/div>\n\t\t<\/div>\n\t<\/div>\n<\/div>\n<\/div><div class=\"uabb-js-breakpoint\" style=\"display: none;\"><\/div>","protected":false},"excerpt":{"rendered":"<p>Let\u2019s start a conversation on how we can best work together to increase your influence, earn more business, identify potential clients, and find a job or top talent using LinkedIn marketing. hello@erica-kessler.com Call me for a discovery call: +41 78 936 75 20 I&#8217;m looking forward to hearing from you. Social greetings, Erica Kessler Bitte&hellip;<\/p>","protected":false},"author":1,"featured_media":0,"parent":0,"menu_order":0,"comment_status":"closed","ping_status":"closed","template":"","meta":{"_acf_changed":false,"_monsterinsights_skip_tracking":false,"_monsterinsights_sitenote_active":false,"_monsterinsights_sitenote_note":"","_monsterinsights_sitenote_category":0,"footnotes":""},"acf":[],"yoast_head":"<!-- This site is optimized with the Yoast SEO plugin v22.8 - https:\/\/yoast.com\/wordpress\/plugins\/seo\/ -->\n<title>Contact - Erica Kessler<\/title>\n<meta name=\"description\" content=\"Let\u2019s start a conversation on how we can best work together to increase your influence and support your goal using LinkedIn marketing.\" \/>\n<meta name=\"robots\" content=\"index, follow, max-snippet:-1, max-image-preview:large, max-video-preview:-1\" \/>\n<link rel=\"canonical\" href=\"https:\/\/dev.erica-kessler.com\/de\/contact-erica-kessler\/\" \/>\n<meta property=\"og:locale\" content=\"de_DE\" \/>\n<meta property=\"og:type\" content=\"article\" \/>\n<meta property=\"og:title\" content=\"Contact - Erica Kessler\" \/>\n<meta property=\"og:description\" content=\"Let\u2019s start a conversation on how we can best work together to increase your influence and support your goal using LinkedIn marketing.\" \/>\n<meta property=\"og:url\" content=\"https:\/\/dev.erica-kessler.com\/de\/contact-erica-kessler\/\" \/>\n<meta property=\"og:site_name\" content=\"Erica Kessler\" \/>\n<meta property=\"article:modified_time\" content=\"2021-04-27T07:10:08+00:00\" \/>\n<meta property=\"og:image\" content=\"https:\/\/dev.erica-kessler.com\/wp-content\/uploads\/2020\/07\/erica-kessler-linkedin-trainer-consultant-lecturer-speaker-1024x684.jpg\" \/>\n<meta name=\"twitter:label1\" content=\"Gesch\u00e4tzte Lesezeit\" \/>\n\t<meta name=\"twitter:data1\" content=\"1\u00a0Minute\" \/>\n<!-- \/ Yoast SEO plugin. -->","yoast_head_json":{"title":"Contact - Erica Kessler","description":"Let\u2019s start a conversation on how we can best work together to increase your influence and support your goal using LinkedIn marketing.","robots":{"index":"index","follow":"follow","max-snippet":"max-snippet:-1","max-image-preview":"max-image-preview:large","max-video-preview":"max-video-preview:-1"},"canonical":"https:\/\/dev.erica-kessler.com\/de\/contact-erica-kessler\/","og_locale":"de_DE","og_type":"article","og_title":"Contact - Erica Kessler","og_description":"Let\u2019s start a conversation on how we can best work together to increase your influence and support your goal using LinkedIn marketing.","og_url":"https:\/\/dev.erica-kessler.com\/de\/contact-erica-kessler\/","og_site_name":"Erica Kessler","article_modified_time":"2021-04-27T07:10:08+00:00","og_image":[{"url":"https:\/\/dev.erica-kessler.com\/wp-content\/uploads\/2020\/07\/erica-kessler-linkedin-trainer-consultant-lecturer-speaker-1024x684.jpg"}],"twitter_misc":{"Gesch\u00e4tzte Lesezeit":"1\u00a0Minute"},"schema":{"@context":"https:\/\/schema.org","@graph":[{"@type":"WebPage","@id":"https:\/\/dev.erica-kessler.com\/de\/contact-erica-kessler\/","url":"https:\/\/dev.erica-kessler.com\/de\/contact-erica-kessler\/","name":"Contact - Erica Kessler","isPartOf":{"@id":"https:\/\/dev.erica-kessler.com\/#website"},"primaryImageOfPage":{"@id":"https:\/\/dev.erica-kessler.com\/de\/contact-erica-kessler\/#primaryimage"},"image":{"@id":"https:\/\/dev.erica-kessler.com\/de\/contact-erica-kessler\/#primaryimage"},"thumbnailUrl":"https:\/\/dev.erica-kessler.com\/wp-content\/uploads\/2020\/07\/erica-kessler-linkedin-trainer-consultant-lecturer-speaker-1024x684.jpg","datePublished":"2020-02-10T19:08:21+00:00","dateModified":"2021-04-27T07:10:08+00:00","description":"Let\u2019s start a conversation on how we can best work together to increase your influence and support your goal using LinkedIn marketing.","breadcrumb":{"@id":"https:\/\/dev.erica-kessler.com\/de\/contact-erica-kessler\/#breadcrumb"},"inLanguage":"de","potentialAction":[{"@type":"ReadAction","target":["https:\/\/dev.erica-kessler.com\/de\/contact-erica-kessler\/"]}]},{"@type":"ImageObject","inLanguage":"de","@id":"https:\/\/dev.erica-kessler.com\/de\/contact-erica-kessler\/#primaryimage","url":"https:\/\/dev.erica-kessler.com\/wp-content\/uploads\/2020\/07\/erica-kessler-linkedin-trainer-consultant-lecturer-speaker-1024x684.jpg","contentUrl":"https:\/\/dev.erica-kessler.com\/wp-content\/uploads\/2020\/07\/erica-kessler-linkedin-trainer-consultant-lecturer-speaker-1024x684.jpg"},{"@type":"BreadcrumbList","@id":"https:\/\/dev.erica-kessler.com\/de\/contact-erica-kessler\/#breadcrumb","itemListElement":[{"@type":"ListItem","position":1,"name":"Home","item":"https:\/\/dev.erica-kessler.com\/"},{"@type":"ListItem","position":2,"name":"Contact"}]},{"@type":"WebSite","@id":"https:\/\/dev.erica-kessler.com\/#website","url":"https:\/\/dev.erica-kessler.com\/","name":"Erica Kessler","description":"Erica Kessler is a LinkedIn Trainer, Lecturer and Speaker","potentialAction":[{"@type":"SearchAction","target":{"@type":"EntryPoint","urlTemplate":"https:\/\/dev.erica-kessler.com\/?s={search_term_string}"},"query-input":"required name=search_term_string"}],"inLanguage":"de"}]}},"_links":{"self":[{"href":"https:\/\/dev.erica-kessler.com\/de\/wp-json\/wp\/v2\/pages\/20"}],"collection":[{"href":"https:\/\/dev.erica-kessler.com\/de\/wp-json\/wp\/v2\/pages"}],"about":[{"href":"https:\/\/dev.erica-kessler.com\/de\/wp-json\/wp\/v2\/types\/page"}],"author":[{"embeddable":true,"href":"https:\/\/dev.erica-kessler.com\/de\/wp-json\/wp\/v2\/users\/1"}],"replies":[{"embeddable":true,"href":"https:\/\/dev.erica-kessler.com\/de\/wp-json\/wp\/v2\/comments?post=20"}],"version-history":[{"count":5,"href":"https:\/\/dev.erica-kessler.com\/de\/wp-json\/wp\/v2\/pages\/20\/revisions"}],"predecessor-version":[{"id":1049,"href":"https:\/\/dev.erica-kessler.com\/de\/wp-json\/wp\/v2\/pages\/20\/revisions\/1049"}],"wp:attachment":[{"href":"https:\/\/dev.erica-kessler.com\/de\/wp-json\/wp\/v2\/media?parent=20"}],"curies":[{"name":"wp","href":"https:\/\/api.w.org\/{rel}","templated":true}]}}