{"id":19,"date":"2020-02-10T19:08:21","date_gmt":"2020-02-10T19:08:21","guid":{"rendered":"https:\/\/dev.erica-kessler.com\/?page_id=19"},"modified":"2021-09-29T15:54:54","modified_gmt":"2021-09-29T13:54:54","slug":"testimonials","status":"publish","type":"page","link":"https:\/\/dev.erica-kessler.com\/de\/testimonials\/","title":{"rendered":"Testimonials"},"content":{"rendered":"<div class=\"fl-builder-content fl-builder-content-19 fl-builder-global-templates-locked\" data-post-id=\"19\"><div class=\"fl-row fl-row-fixed-width fl-row-bg-none fl-node-5e6812f4776d2\" data-node=\"5e6812f4776d2\">\n\t<div class=\"fl-row-content-wrap\">\n\t\t<div class=\"uabb-row-separator uabb-top-row-separator\" >\r\n<\/div>\r\n\t\t\t\t\t\t<div class=\"fl-row-content fl-row-fixed-width fl-node-content\">\n\t\t\n<div class=\"fl-col-group fl-node-5edb7bdf87f9c\" data-node=\"5edb7bdf87f9c\">\n\t\t\t<div class=\"fl-col fl-node-5edb7bdf88220\" data-node=\"5edb7bdf88220\">\n\t<div class=\"fl-col-content fl-node-content\">\n\t<div class=\"fl-module fl-module-heading fl-node-5e6812f4776cc\" data-node=\"5e6812f4776cc\">\n\t<div class=\"fl-module-content fl-node-content\">\n\t\t<h1 class=\"fl-heading\">\n\t\t<span class=\"fl-heading-text\">Was meine zufriedenen Kunden sagen<\/span>\n\t<\/h1>\n\t<\/div>\n<\/div>\n\t<\/div>\n<\/div>\n\t<\/div>\n\n<div class=\"fl-col-group fl-node-5e6812f4776d3\" data-node=\"5e6812f4776d3\">\n\t\t\t<div class=\"fl-col fl-node-5e6812f4776d4 fl-col-small\" data-node=\"5e6812f4776d4\">\n\t<div class=\"fl-col-content fl-node-content\">\n\t<div class=\"fl-module fl-module-photo fl-node-5e6812f4776cf\" data-node=\"5e6812f4776cf\">\n\t<div class=\"fl-module-content fl-node-content\">\n\t\t<div class=\"fl-photo fl-photo-crop-square fl-photo-align-center\" itemscope itemtype=\"https:\/\/schema.org\/ImageObject\">\n\t<div class=\"fl-photo-content fl-photo-img-png\">\n\t\t\t\t<img decoding=\"async\" class=\"fl-photo-img\" src=\"https:\/\/dev.erica-kessler.com\/wp-content\/plugins\/bb-plugin\/img\/pixel.png\" alt=\"\" itemprop=\"image\"  \/>\n\t\t\t\t\t<\/div>\n\t<\/div>\n\t<\/div>\n<\/div>\n\t<\/div>\n<\/div>\n\t\t\t<div class=\"fl-col fl-node-5e6812f4776d5\" data-node=\"5e6812f4776d5\">\n\t<div class=\"fl-col-content fl-node-content\">\n\t<div class=\"fl-module fl-module-testimonials fl-node-5e6cf4d0f342a\" data-node=\"5e6cf4d0f342a\">\n\t<div class=\"fl-module-content fl-node-content\">\n\t\t<div class=\"fl-testimonials-wrap wide\">\n\n\t\n\t<div class=\"fl-testimonials\">\n\t\t\t\t<div class=\"fl-testimonial\">\n\t\t\t<h3>\u00a0<\/h3><p><img loading=\"lazy\" decoding=\"async\" class=\"alignnone size-medium wp-image-1009\" src=\"https:\/\/dev.erica-kessler.com\/wp-content\/uploads\/2021\/01\/Victorinox-2-300x161.jpg\" alt=\"\" width=\"300\" height=\"161\" srcset=\"https:\/\/dev.erica-kessler.com\/wp-content\/uploads\/2021\/01\/Victorinox-2-300x161.jpg 300w, https:\/\/dev.erica-kessler.com\/wp-content\/uploads\/2021\/01\/Victorinox-2.jpg 590w\" sizes=\"(max-width: 300px) 100vw, 300px\" \/><\/p><h2><strong>Nina Finkbohner<\/strong><\/h2><h3><strong>Globale PR Managerin<\/strong><\/h3><p>Frau Kessler vermittelt ihr umfangreiches Wissen \u00fcber LinkedIn mit grosser Leidenschaft. Sie hat uns gezeigt, wie wir unsere Victorinox-Pr\u00e4senz auf LinkedIn verbessern k\u00f6nnen, indem wir die Inhalte auf der LinkedIn-Unternehmensseite wirkungsvoller pr\u00e4sentieren. Weiterhin gab sie uns Tipps und Tricks zur Optimierung unserer pers\u00f6nlichen Profile sowie strategische Ratschl\u00e4ge f\u00fcr das weitere Vorgehen. Dar\u00fcber hinaus hielt sie auch einen Workshop f\u00fcr unsere internen \u00abUnternehmensbotschafter\u00bb, der bei den Teilnehmern sehr gut ankam. Sie ist \u00e4usserst zuverl\u00e4ssig, gut strukturiert und organisiert. Dank ihrer fr\u00f6hlichen Pers\u00f6nlichkeit und ihrer guten Umgangsformen ist die Zusammenarbeit mit ihr sehr angenehm und bereitet viel Freude. Ihre Dienstleistungen sind ein Rundum-Sorglos-Paket, das wir jedem nur w\u00e4rmstens empfehlen k\u00f6nnen.<\/p>\t\t<\/div>\n\t\t\t\t<div class=\"fl-testimonial\">\n\t\t\t<h3><img loading=\"lazy\" decoding=\"async\" class=\"alignnone size-full wp-image-793\" src=\"https:\/\/dev.erica-kessler.com\/wp-content\/uploads\/2020\/09\/Swisscom-300x117-1.jpg\" alt=\"\" width=\"255\" height=\"78\" \/><\/h3><h2><strong>Christoph Aeschlimann<\/strong><\/h2><h3><strong>CTO &amp; CIO<\/strong><\/h3><p>Ich habe mehrere massgeschneiderte Schulungen bei Erica Kessler absolviert. Diese waren immer auf meine Bed\u00fcrfnisse ausgerichtet, sehr lehrreich und zielorientiert. Dank der Erfahrung von Erica Kessler und der von ihr gelernten Tipps und Tricks konnte ich meinen LinkedIn-Auftritt optimieren und so mehr Reichweite und Sichtbarkeit gewinnen. Ich w\u00fcrde diese Schulungen jedem weiterempfehlen, der seine Social-Media-LinkedIn-Pr\u00e4senz verbessern m\u00f6chte.<\/p>\t\t<\/div>\n\t\t\t\t<div class=\"fl-testimonial\">\n\t\t\t<p><img loading=\"lazy\" decoding=\"async\" class=\"alignnone size-medium wp-image-1017\" src=\"https:\/\/dev.erica-kessler.com\/wp-content\/uploads\/2021\/01\/Gemeinsame-Einrichtung-KVG-300x74.jpg\" alt=\"\" width=\"300\" height=\"74\" srcset=\"https:\/\/dev.erica-kessler.com\/wp-content\/uploads\/2021\/01\/Gemeinsame-Einrichtung-KVG-300x74.jpg 300w, https:\/\/dev.erica-kessler.com\/wp-content\/uploads\/2021\/01\/Gemeinsame-Einrichtung-KVG-768x189.jpg 768w, https:\/\/dev.erica-kessler.com\/wp-content\/uploads\/2021\/01\/Gemeinsame-Einrichtung-KVG.jpg 819w\" sizes=\"(max-width: 300px) 100vw, 300px\" \/><\/p><h2><strong>Evelyne Hiltebrand<\/strong><\/h2><h3><strong>Head Human Resources Management Gemeinsame Einrichtung KVG<\/strong><\/h3><p>F\u00fcr die Erstellung unseres Unternehmensprofils sowie zur Unterst\u00fctzung bei der Bearbeitung der pers\u00f6nlichen Profile des HR-Teams und der gesamten Gesch\u00e4ftsleitung haben wir die professionelle Beratung von Erica Kessler in Anspruch genommen.\n\nMit wertvollen Tipps hat sie uns gezeigt, wie das eigene Profil gezielt optimiert und als wertvolles Instrument zum Aufbau des Netzwerkes eingesetzt werden kann. Auch den Mitarbeitenden wurden anl\u00e4sslich des Referats \u00abWissen \u00fcber Mittag | GE KVG Mitarbeitende werden LinkedIn-Ambassadoren\u00bb\u00a0hilfreiche Informationen vermittelt.\n\nDie Motivation aller, LinkedIn als professionelles Networking-Instrument zielorientiert zu nutzen, hat sich durch die Zusammenarbeit mit Erica erh\u00f6ht. Bei Fragen ist Erica f\u00fcr uns da und gibt uns immer rasch eine R\u00fcckmeldung.\n\nSehr gerne empfehlen wir Erica Kessler, wenn es darum geht, Unternehmen bei der Erstellung von LinkedIn-Unternehmensseiten und pers\u00f6nlichen LinkedIn-Profilen zu beraten und entsprechend zu schulen.<\/p>\t\t<\/div>\n\t\t\t\t<div class=\"fl-testimonial\">\n\t\t\t<h3><img loading=\"lazy\" decoding=\"async\" class=\"alignnone size-medium wp-image-509\" src=\"https:\/\/dev.erica-kessler.com\/wp-content\/uploads\/2020\/05\/Celine-Certified-Professional-Coach-and-Career-Coach-at-AISTS-300x200.jpg\" alt=\"\" width=\"300\" height=\"200\" srcset=\"https:\/\/dev.erica-kessler.com\/wp-content\/uploads\/2020\/05\/Celine-Certified-Professional-Coach-and-Career-Coach-at-AISTS-300x200.jpg 300w, https:\/\/dev.erica-kessler.com\/wp-content\/uploads\/2020\/05\/Celine-Certified-Professional-Coach-and-Career-Coach-at-AISTS-1024x683.jpg 1024w, https:\/\/dev.erica-kessler.com\/wp-content\/uploads\/2020\/05\/Celine-Certified-Professional-Coach-and-Career-Coach-at-AISTS-768x512.jpg 768w, https:\/\/dev.erica-kessler.com\/wp-content\/uploads\/2020\/05\/Celine-Certified-Professional-Coach-and-Career-Coach-at-AISTS-1536x1024.jpg 1536w, https:\/\/dev.erica-kessler.com\/wp-content\/uploads\/2020\/05\/Celine-Certified-Professional-Coach-and-Career-Coach-at-AISTS.jpg 2048w\" sizes=\"(max-width: 300px) 100vw, 300px\" \/><\/h3><h2><strong>Celine Beaurain-Casemi<\/strong><\/h2><h3><strong>Zertifizierter professioneller Coach \/ Karriere-Coach bei AISTS, Lausanne, Schweiz<\/strong><\/h3><p>Ich habe Erica Kessler drei Mal als Gastdozentin eingeladen, um sowohl f\u00fcr die Teilnehmenden der AISTS, International Academy of Sport Science and Technology, als auch f\u00fcr AISTS-Alumni einen Vortrag \u00fcber LinkedIn zu halten. Jedes Mal wurde ihr Vortrag sehr gesch\u00e4tzt, da er \u00e4usserst detailliert, praxisorientiert und von Begeisterung gepr\u00e4gt war. Erica Kessler ist eine wahre LinkedIn-Expertin und gibt sehr wertvolle Einblicke in dieses Netzwerk. Man sp\u00fcrt, dass sie sich voll und ganz daf\u00fcr einsetzt, die Menschen dabei zu unterst\u00fctzen, das Beste aus LinkedIn herauszuholen. Sehr sch\u00f6n ist auch, dass Erica Kessler stets f\u00fcr Folgefragen zur Verf\u00fcgung steht und immer prompt antwortet. Es ist ein echtes Vergn\u00fcgen, mit Erica zu arbeiten, und ich kann sie als Dozentin f\u00fcr LinkedIn-Vortr\u00e4ge nur empfehlen.<\/p>\t\t<\/div>\n\t\t\t\t<div class=\"fl-testimonial\">\n\t\t\t<h3>\u00a0<\/h3><h3><img loading=\"lazy\" decoding=\"async\" class=\"alignnone size-medium wp-image-587\" src=\"https:\/\/dev.erica-kessler.com\/wp-content\/uploads\/2020\/05\/altra-schaffhausen_svenst\u00fcckmann-Sales-Marketing-und-Communication-Manager--300x200.jpg\" alt=\"\" width=\"300\" height=\"200\" srcset=\"https:\/\/dev.erica-kessler.com\/wp-content\/uploads\/2020\/05\/altra-schaffhausen_svenst\u00fcckmann-Sales-Marketing-und-Communication-Manager--300x200.jpg 300w, https:\/\/dev.erica-kessler.com\/wp-content\/uploads\/2020\/05\/altra-schaffhausen_svenst\u00fcckmann-Sales-Marketing-und-Communication-Manager--1024x683.jpg 1024w, https:\/\/dev.erica-kessler.com\/wp-content\/uploads\/2020\/05\/altra-schaffhausen_svenst\u00fcckmann-Sales-Marketing-und-Communication-Manager--768x512.jpg 768w, https:\/\/dev.erica-kessler.com\/wp-content\/uploads\/2020\/05\/altra-schaffhausen_svenst\u00fcckmann-Sales-Marketing-und-Communication-Manager-.jpg 1200w\" sizes=\"(max-width: 300px) 100vw, 300px\" \/><\/h3><h2><strong>Sven St\u00fcckmann<\/strong><\/h2><h3><strong>Leiter Marketing, Kommunikation und Verkauf. Mitglied der Gesch\u00e4ftsleitung. altra schaffhausen<\/strong><\/h3><p>Ich traf Erica Kessler im August 2018 auf der SuisseEMEX in Z\u00fcrich, wo sie einen inspirierenden Vortrag dar\u00fcber hielt, wie Unternehmen LinkedIn als strategisches Gesch\u00e4ftsinstrument nutzen k\u00f6nnen. Ich war beeindruckt von ihrer Professionalit\u00e4t und ihren klaren Argumenten f\u00fcr die regelm\u00e4ssige Nutzung von LinkedIn. altra schaffhausen hat ein Business-Paket gebucht, um sein LinkedIn-Unternehmensprofil zu verbessern und seine Sichtbarkeit zu erh\u00f6hen. Ich begann, strategische LinkedIn-Artikel zu schreiben, um altra schaffhausen und mich selbst f\u00fcr potenzielle Neukunden und Talente sichtbarer zu positionieren. Innerhalb von nur 17 Monaten, nachdem wir begonnen hatten, LinkedIn professionell und regelm\u00e4ssig zu nutzen, konnten wir unsere Reichweite deutlich erh\u00f6hen, wertvolle Follower gewinnen, und Talente erhielten einen vertieften Einblick in unser Unternehmen. Wir bekamen auch positive R\u00fcckmeldungen zur Authentizit\u00e4t unseres geposteten Content-Marketing-Mix und unseres LinkedIn-Unternehmensprofils. Erica Kessler ist immer f\u00fcr uns da, wenn wir irgendwelche Fragen zu LinkedIn haben. Wer seine Social-Media-Pr\u00e4senz auf LinkedIn professionell und nachhaltig verbessern m\u00f6chte, ist bei Erica an der richtigen Adresse. Ich kann sie sehr empfehlen. Herzlichen Dank, Erica Kessler.<\/p>\t\t<\/div>\n\t\t\t\t<div class=\"fl-testimonial\">\n\t\t\t<p><a href=\"https:\/\/www.route2china.ch\" target=\"_blank\" rel=\"noopener\"><img loading=\"lazy\" decoding=\"async\" class=\"alignnone wp-image-270 size-full\" src=\"https:\/\/dev.erica-kessler.com\/wp-content\/uploads\/2020\/05\/route2china-Connect-to-China-for-your-future-Min-Wang.jpg\" alt=\"\" width=\"150\" height=\"91\" \/><\/a><\/p><h2>Min Wang<\/h2><h3>Gr\u00fcnderin Route2China<\/h3><p>Erica Kessler ist eine grossartige LinkedIn-Coach! Sie ist kompetent, sympathisch, geduldig und hat fantastische Ideen, wie ich LinkedIn am besten nutzen kann, um Kunden zu gewinnen. Dank der Unterst\u00fctzung von Erica sieht mein LinkedIn-Profil authentisch, professionell und attraktiv aus. Genau so m\u00f6chte ich in der Online-Business-Welt vertreten sein. Ich konnte bereits eine globale Unternehmensberatung als Kunde gewinnen. Ausserdem ist Erica Kessler eine hervorragende Quelle f\u00fcr interessante Kontakte. Ich habe es sehr genossen mit Erica zu arbeiten und w\u00fcrde sie jeder Person weiterempfehlen, die eine erfolgreiche LinkedIn-Pr\u00e4senz anstrebt!<\/p>\t\t<\/div>\n\t\t\t\t<div class=\"fl-testimonial\">\n\t\t\t<h3><a href=\"https:\/\/hsgcareer.ch\/en\/\" target=\"_blank\" rel=\"noopener\"><img loading=\"lazy\" decoding=\"async\" class=\"alignnone wp-image-604 size-thumbnail\" src=\"https:\/\/dev.erica-kessler.com\/wp-content\/uploads\/2020\/06\/Gerd-Martin-Winandi-HSG-Career-Center-150x150.jpg\" alt=\"\" width=\"150\" height=\"150\" srcset=\"https:\/\/dev.erica-kessler.com\/wp-content\/uploads\/2020\/06\/Gerd-Martin-Winandi-HSG-Career-Center-150x150.jpg 150w, https:\/\/dev.erica-kessler.com\/wp-content\/uploads\/2020\/06\/Gerd-Martin-Winandi-HSG-Career-Center-300x300.jpg 300w, https:\/\/dev.erica-kessler.com\/wp-content\/uploads\/2020\/06\/Gerd-Martin-Winandi-HSG-Career-Center-768x768.jpg 768w, https:\/\/dev.erica-kessler.com\/wp-content\/uploads\/2020\/06\/Gerd-Martin-Winandi-HSG-Career-Center.jpg 787w\" sizes=\"(max-width: 150px) 100vw, 150px\" \/><\/a><\/h3><h3>Gerd Winandi-Martin<\/h3><h3>Direktor Career &amp; Corporate Services bei der Universit\u00e4t St. Gallen<\/h3><p>Erica Kessler hat f\u00fcr mich und mein Team ein LinkedIn-Training durchgef\u00fchrt. \u00dcberzeugt hat mich die authentische, motivierende und professionelle Art, mit der Erica Kessler das Thema pr\u00e4sentiert hat. Zudem haben wir wertvolle Tipps &amp; Tricks sowie spannende Insights erhalten. Herzlichen Dank, ich kann ein Training mit Erica Kessler jederzeit weiterempfehlen.<\/p>\t\t<\/div>\n\t\t\t<\/div>\n\t\t<div class=\"fl-slider-prev\" role=\"button\" aria-pressed=\"false\" aria-label=\"Vorherige\"><\/div>\n\t<div class=\"fl-slider-next\" role=\"button\" aria-pressed=\"false\" aria-label=\"Weiter\"><\/div>\n\t<\/div>\n\t<\/div>\n<\/div>\n\t<\/div>\n<\/div>\n\t<\/div>\n\t\t<\/div>\n\t<\/div>\n<\/div>\n<div class=\"fl-row fl-row-fixed-width fl-row-bg-none fl-node-5ec6fdf141e7f\" data-node=\"5ec6fdf141e7f\">\n\t<div class=\"fl-row-content-wrap\">\n\t\t<div class=\"uabb-row-separator uabb-top-row-separator\" >\r\n<\/div>\r\n\t\t\t\t\t\t<div class=\"fl-row-content fl-row-fixed-width fl-node-content\">\n\t\t\n<div class=\"fl-col-group fl-node-5ec6fdf152823\" data-node=\"5ec6fdf152823\">\n\t\t\t<div class=\"fl-col fl-node-5ec6fdf152b05\" data-node=\"5ec6fdf152b05\">\n\t<div class=\"fl-col-content fl-node-content\">\n\t<div class=\"fl-module fl-module-button fl-node-5e6812f4776d1\" data-node=\"5e6812f4776d1\">\n\t<div class=\"fl-module-content fl-node-content\">\n\t\t<div class=\"fl-button-wrap fl-button-width-auto fl-button-left\">\n\t\t\t<a href=\"https:\/\/dev.erica-kessler.com\/de\/contact\/\" target=\"_blank\" class=\"fl-button\" role=\"button\" rel=\"noopener\" >\n\t\t\t\t\t\t\t<span class=\"fl-button-text\">Kontaktieren Sie mich, um Ihre Bed\u00fcrfnisse zu besprechen<\/span>\n\t\t\t\t\t<\/a>\n<\/div>\n\t<\/div>\n<\/div>\n\t<\/div>\n<\/div>\n\t<\/div>\n\t\t<\/div>\n\t<\/div>\n<\/div>\n<\/div><div class=\"uabb-js-breakpoint\" style=\"display: none;\"><\/div>","protected":false},"excerpt":{"rendered":"<p>What my satisfied clients say \u00a0 Nina Finkbohner Global PR Manager Ms. Kessler has a profound passion for and knowledge about LinkedIn. She supported us in improving the Victorinox presence on LinkedIn, by advising us on how to present content effectively on the company LinkedIn site, showing us tips &amp; tricks to enhance personal profiles&hellip;<\/p>","protected":false},"author":1,"featured_media":0,"parent":0,"menu_order":0,"comment_status":"closed","ping_status":"closed","template":"","meta":{"_acf_changed":false,"_monsterinsights_skip_tracking":false,"_monsterinsights_sitenote_active":false,"_monsterinsights_sitenote_note":"","_monsterinsights_sitenote_category":0,"footnotes":""},"acf":[],"yoast_head":"<!-- This site is optimized with the Yoast SEO plugin v22.8 - https:\/\/yoast.com\/wordpress\/plugins\/seo\/ -->\n<title>Testimonials - Erica Kessler<\/title>\n<meta name=\"description\" content=\"Client&#039;s testimonials. What my global clients say about my LinkedIn training, lecturing and speaking.\" \/>\n<meta name=\"robots\" content=\"index, follow, max-snippet:-1, max-image-preview:large, max-video-preview:-1\" \/>\n<link rel=\"canonical\" href=\"https:\/\/dev.erica-kessler.com\/de\/testimonials\/\" \/>\n<meta property=\"og:locale\" content=\"de_DE\" \/>\n<meta property=\"og:type\" content=\"article\" \/>\n<meta property=\"og:title\" content=\"Testimonials - Erica Kessler\" \/>\n<meta property=\"og:description\" content=\"Client&#039;s testimonials. What my global clients say about my LinkedIn training, lecturing and speaking.\" \/>\n<meta property=\"og:url\" content=\"https:\/\/dev.erica-kessler.com\/de\/testimonials\/\" \/>\n<meta property=\"og:site_name\" content=\"Erica Kessler\" \/>\n<meta property=\"article:modified_time\" content=\"2021-09-29T13:54:54+00:00\" \/>\n<meta property=\"og:image\" content=\"https:\/\/dev.erica-kessler.com\/wp-content\/plugins\/bb-plugin\/img\/pixel.png\" \/>\n<meta name=\"twitter:label1\" content=\"Gesch\u00e4tzte Lesezeit\" \/>\n\t<meta name=\"twitter:data1\" content=\"6\u00a0Minuten\" \/>\n<!-- \/ Yoast SEO plugin. -->","yoast_head_json":{"title":"Testimonials - Erica Kessler","description":"Client's testimonials. What my global clients say about my LinkedIn training, lecturing and speaking.","robots":{"index":"index","follow":"follow","max-snippet":"max-snippet:-1","max-image-preview":"max-image-preview:large","max-video-preview":"max-video-preview:-1"},"canonical":"https:\/\/dev.erica-kessler.com\/de\/testimonials\/","og_locale":"de_DE","og_type":"article","og_title":"Testimonials - Erica Kessler","og_description":"Client's testimonials. What my global clients say about my LinkedIn training, lecturing and speaking.","og_url":"https:\/\/dev.erica-kessler.com\/de\/testimonials\/","og_site_name":"Erica Kessler","article_modified_time":"2021-09-29T13:54:54+00:00","og_image":[{"url":"https:\/\/dev.erica-kessler.com\/wp-content\/plugins\/bb-plugin\/img\/pixel.png"}],"twitter_misc":{"Gesch\u00e4tzte Lesezeit":"6\u00a0Minuten"},"schema":{"@context":"https:\/\/schema.org","@graph":[{"@type":"WebPage","@id":"https:\/\/dev.erica-kessler.com\/de\/testimonials\/","url":"https:\/\/dev.erica-kessler.com\/de\/testimonials\/","name":"Testimonials - Erica Kessler","isPartOf":{"@id":"https:\/\/dev.erica-kessler.com\/#website"},"primaryImageOfPage":{"@id":"https:\/\/dev.erica-kessler.com\/de\/testimonials\/#primaryimage"},"image":{"@id":"https:\/\/dev.erica-kessler.com\/de\/testimonials\/#primaryimage"},"thumbnailUrl":"https:\/\/dev.erica-kessler.com\/wp-content\/plugins\/bb-plugin\/img\/pixel.png","datePublished":"2020-02-10T19:08:21+00:00","dateModified":"2021-09-29T13:54:54+00:00","description":"Client's testimonials. What my global clients say about my LinkedIn training, lecturing and speaking.","breadcrumb":{"@id":"https:\/\/dev.erica-kessler.com\/de\/testimonials\/#breadcrumb"},"inLanguage":"de","potentialAction":[{"@type":"ReadAction","target":["https:\/\/dev.erica-kessler.com\/de\/testimonials\/"]}]},{"@type":"ImageObject","inLanguage":"de","@id":"https:\/\/dev.erica-kessler.com\/de\/testimonials\/#primaryimage","url":"https:\/\/dev.erica-kessler.com\/wp-content\/plugins\/bb-plugin\/img\/pixel.png","contentUrl":"https:\/\/dev.erica-kessler.com\/wp-content\/plugins\/bb-plugin\/img\/pixel.png"},{"@type":"BreadcrumbList","@id":"https:\/\/dev.erica-kessler.com\/de\/testimonials\/#breadcrumb","itemListElement":[{"@type":"ListItem","position":1,"name":"Home","item":"https:\/\/dev.erica-kessler.com\/"},{"@type":"ListItem","position":2,"name":"Testimonials"}]},{"@type":"WebSite","@id":"https:\/\/dev.erica-kessler.com\/#website","url":"https:\/\/dev.erica-kessler.com\/","name":"Erica Kessler","description":"Erica Kessler is a LinkedIn Trainer, Lecturer and Speaker","potentialAction":[{"@type":"SearchAction","target":{"@type":"EntryPoint","urlTemplate":"https:\/\/dev.erica-kessler.com\/?s={search_term_string}"},"query-input":"required name=search_term_string"}],"inLanguage":"de"}]}},"_links":{"self":[{"href":"https:\/\/dev.erica-kessler.com\/de\/wp-json\/wp\/v2\/pages\/19"}],"collection":[{"href":"https:\/\/dev.erica-kessler.com\/de\/wp-json\/wp\/v2\/pages"}],"about":[{"href":"https:\/\/dev.erica-kessler.com\/de\/wp-json\/wp\/v2\/types\/page"}],"author":[{"embeddable":true,"href":"https:\/\/dev.erica-kessler.com\/de\/wp-json\/wp\/v2\/users\/1"}],"replies":[{"embeddable":true,"href":"https:\/\/dev.erica-kessler.com\/de\/wp-json\/wp\/v2\/comments?post=19"}],"version-history":[{"count":5,"href":"https:\/\/dev.erica-kessler.com\/de\/wp-json\/wp\/v2\/pages\/19\/revisions"}],"predecessor-version":[{"id":1068,"href":"https:\/\/dev.erica-kessler.com\/de\/wp-json\/wp\/v2\/pages\/19\/revisions\/1068"}],"wp:attachment":[{"href":"https:\/\/dev.erica-kessler.com\/de\/wp-json\/wp\/v2\/media?parent=19"}],"curies":[{"name":"wp","href":"https:\/\/api.w.org\/{rel}","templated":true}]}}