{"id":17,"date":"2020-02-10T19:08:21","date_gmt":"2020-02-10T18:08:21","guid":{"rendered":"https:\/\/dev.erica-kessler.com\/?page_id=17"},"modified":"2021-10-15T10:35:48","modified_gmt":"2021-10-15T08:35:48","slug":"services","status":"publish","type":"page","link":"https:\/\/dev.erica-kessler.com\/de\/services\/","title":{"rendered":"Angebote"},"content":{"rendered":"<div class=\"fl-builder-content fl-builder-content-17 fl-builder-global-templates-locked\" data-post-id=\"17\"><div class=\"fl-row fl-row-fixed-width fl-row-bg-none fl-node-613e00f541b39\" data-node=\"613e00f541b39\">\n\t<div class=\"fl-row-content-wrap\">\n\t\t<div class=\"uabb-row-separator uabb-top-row-separator\" >\r\n<\/div>\r\n\t\t\t\t\t\t<div class=\"fl-row-content fl-row-fixed-width fl-node-content\">\n\t\t\n<div class=\"fl-col-group fl-node-613e00f541c16\" data-node=\"613e00f541c16\">\n\t\t\t<div class=\"fl-col fl-node-613e00f541c18 fl-col-small\" data-node=\"613e00f541c18\">\n\t<div class=\"fl-col-content fl-node-content\">\n\t<div class=\"fl-module fl-module-heading fl-node-5e6812dc5ce47\" data-node=\"5e6812dc5ce47\">\n\t<div class=\"fl-module-content fl-node-content\">\n\t\t<h1 class=\"fl-heading\">\n\t\t<span class=\"fl-heading-text\">Auf Sie zugeschnittene Premium High-End-Dienstleistungen f\u00fcr Ihren Auftritt auf LinkedIn<\/span>\n\t<\/h1>\n\t<\/div>\n<\/div>\n<div class=\"fl-module fl-module-rich-text fl-node-5ecae2e556106\" data-node=\"5ecae2e556106\">\n\t<div class=\"fl-module-content fl-node-content\">\n\t\t<div class=\"fl-rich-text\">\n\t<p><strong>Viele Menschen k\u00f6nnen von einer verbesserten Social-Media-Pr\u00e4senz auf LinkedIn profitieren. Ich habe mit meinen Trainings und Beratungen den gr\u00f6ssten Erfolg hier gesehen:<\/strong><\/p>\n<div>\n<p>Unternehmen<\/p>\n<\/div>\n<ul>\n<li>Unternehmen, die potenzielle Kunden und qualifizierte Leads dank modernem Vertrieb gewinnen und ihren Umsatz steigern m\u00f6chten.<\/li>\n<li>\n<div>Personalchefs, Personalvermittler und Headhunter, die neue Talente suchen oder f\u00fcr potenzielle Talente sichtbar werden wollen.<\/div>\n<\/li>\n<li>\n<div>Unternehmen, die ihre Marke bekannt machen und soziale Vertriebsnetze aufbauen wollen.<\/div>\n<\/li>\n<li>Unternehmen, die daran interessiert sind, einen starken Personal Brand auf LinkedIn aufzubauen oder die Mitarbeitenden als Botschafter einzubeziehen.<\/li>\n<\/ul>\n<p>CEOs und C-Level-Personen<\/p>\n<ul>\n<li>\n<div>C-Level-Personen, die sich auf die Schaffung einer pers\u00f6nlichen Markensichtbarkeit konzentrieren.<\/div>\n<\/li>\n<li>\n<div>CEOs, CFOs und Vorstandsmitglieder, die sich als globale Thought Leaders positionieren wollen.<\/div>\n<\/li>\n<\/ul>\n<p>Manager und F\u00fchrungskr\u00e4fte<\/p>\n<ul>\n<li>Manager und F\u00fchrungskr\u00e4fte, die eine neue Chance wahrnehmen und sich besser positionieren m\u00f6chten.<\/li>\n<\/ul>\n<\/div>\n\t<\/div>\n<\/div>\n\t<\/div>\n<\/div>\n\t\t\t<div class=\"fl-col fl-node-613e013fc9fec fl-col-small\" data-node=\"613e013fc9fec\">\n\t<div class=\"fl-col-content fl-node-content\">\n\t<div class=\"fl-module fl-module-video fl-node-613e00c9dd943\" data-node=\"613e00c9dd943\">\n\t<div class=\"fl-module-content fl-node-content\">\n\t\t\n<div class=\"fl-video fl-embed-video\">\n\t<iframe loading=\"lazy\" title=\"Become a Linkedin Leader. Here&#039;s how!\" width=\"500\" height=\"281\" src=\"https:\/\/www.youtube.com\/embed\/tUZL8lTOEuc?feature=oembed\" frameborder=\"0\" allow=\"accelerometer; autoplay; clipboard-write; encrypted-media; gyroscope; picture-in-picture; web-share\" referrerpolicy=\"strict-origin-when-cross-origin\" allowfullscreen><\/iframe><\/div>\n\t<\/div>\n<\/div>\n<div class=\"fl-module fl-module-rich-text fl-node-613e01ea87498\" data-node=\"613e01ea87498\">\n\t<div class=\"fl-module-content fl-node-content\">\n\t\t<div class=\"fl-rich-text\">\n\t<p><span style=\"font-family: system-ui, '---apple-system', BlinkMacSystemFont, 'Segoe UI', Roboto, Oxygen, Ubuntu, Cantarell, 'Open Sans', 'Helvetica Neue', sans-serif;\">Universit\u00e4ten<\/span><\/p>\n<ul>\n<li>Die mit ihren Stakeholdern kommunizieren, Event-Marketing betreiben oder Unternehmen und Mitarbeitenden gewinnen m\u00f6chten.<\/li>\n<\/ul>\n<p><span style=\"font-family: system-ui, '---apple-system', BlinkMacSystemFont, 'Segoe UI', Roboto, Oxygen, Ubuntu, Cantarell, 'Open Sans', 'Helvetica Neue', sans-serif;\">SPEAKER<\/span><\/p>\n<ul>\n<li>Organisatoren von Veranstaltungen, die Sponsoren \u00fcberzeugen, Eintrittskarten verkaufen oder Referentinnen und Referenten gewinnen m\u00f6chten.<\/li>\n<\/ul>\n<\/div>\n\t<\/div>\n<\/div>\n\t<\/div>\n<\/div>\n\t<\/div>\n\t\t<\/div>\n\t<\/div>\n<\/div>\n<div class=\"fl-row fl-row-fixed-width fl-row-bg-none fl-node-6152e4a034393\" data-node=\"6152e4a034393\">\n\t<div class=\"fl-row-content-wrap\">\n\t\t<div class=\"uabb-row-separator uabb-top-row-separator\" >\r\n<\/div>\r\n\t\t\t\t\t\t<div class=\"fl-row-content fl-row-fixed-width fl-node-content\">\n\t\t\n<div class=\"fl-col-group fl-node-6152e4a03448f\" data-node=\"6152e4a03448f\">\n\t\t\t<div class=\"fl-col fl-node-6152e4a034490 fl-col-small\" data-node=\"6152e4a034490\">\n\t<div class=\"fl-col-content fl-node-content\">\n\t<div class=\"fl-module fl-module-heading fl-node-6152e4a034491\" data-node=\"6152e4a034491\">\n\t<div class=\"fl-module-content fl-node-content\">\n\t\t<h1 class=\"fl-heading\">\n\t\t<span class=\"fl-heading-text\">LinkedIn-Services f\u00fcr Personalverantwortliche und Personalvermittler<\/span>\n\t<\/h1>\n\t<\/div>\n<\/div>\n<div class=\"fl-module fl-module-rich-text fl-node-6152e4a034492\" data-node=\"6152e4a034492\">\n\t<div class=\"fl-module-content fl-node-content\">\n\t\t<div class=\"fl-rich-text\">\n\t<p><strong>Die untersch\u00e4tzte Power von LinkedIn f\u00fcr Personalverantwortliche und Personalvermittler:<\/strong><\/p>\n<ul>\n<li>Unternehmen, die mit ihrem LinkedIn-Auftritt eine starke Arbeitgebermarke aufbauen m\u00f6chten.<\/li>\n<li>Personalverantwortliche und Personalvermittler, die neue Talente suchen oder f\u00fcr potenzielle Talente sichtbar sein wollen.<\/li>\n<li>Gewinnung und Identifizierung von Top-Talenten mithilfe eines Content-Marketing-Mix im Newsfeed des pers\u00f6nlichen Profils und der Unternehmensseite.<\/li>\n<li>Recruiter-Teams, die ein strategisches und authentisches pers\u00f6nliches LinkedIn-Profil aufbauen und sich optimal pr\u00e4sentieren m\u00f6chten.<\/li>\n<\/ul>\n<\/div>\n\t<\/div>\n<\/div>\n\t<\/div>\n<\/div>\n\t\t\t<div class=\"fl-col fl-node-6152e4a034493 fl-col-small\" data-node=\"6152e4a034493\">\n\t<div class=\"fl-col-content fl-node-content\">\n\t<div class=\"fl-module fl-module-video fl-node-6152e4a034495\" data-node=\"6152e4a034495\">\n\t<div class=\"fl-module-content fl-node-content\">\n\t\t\n<div class=\"fl-video fl-embed-video\">\n\t<iframe loading=\"lazy\" title=\"Wie Recruiter das Potenzial von Linkedin erfolgreich nutzen k\u00f6nnen\" width=\"500\" height=\"281\" src=\"https:\/\/www.youtube.com\/embed\/Na_gM4uIPz8?feature=oembed\" frameborder=\"0\" allow=\"accelerometer; autoplay; clipboard-write; encrypted-media; gyroscope; picture-in-picture; web-share\" referrerpolicy=\"strict-origin-when-cross-origin\" allowfullscreen><\/iframe><\/div>\n\t<\/div>\n<\/div>\n\t<\/div>\n<\/div>\n\t<\/div>\n\t\t<\/div>\n\t<\/div>\n<\/div>\n<div class=\"fl-row fl-row-fixed-width fl-row-bg-none fl-node-5ec7ceac36b88\" data-node=\"5ec7ceac36b88\">\n\t<div class=\"fl-row-content-wrap\">\n\t\t<div class=\"uabb-row-separator uabb-top-row-separator\" >\r\n<\/div>\r\n\t\t\t\t\t\t<div class=\"fl-row-content fl-row-fixed-width fl-node-content\">\n\t\t\n<div class=\"fl-col-group fl-node-5ec7ceac367db\" data-node=\"5ec7ceac367db\">\n\t\t\t<div class=\"fl-col fl-node-5ec7ceac36831 fl-col-small\" data-node=\"5ec7ceac36831\">\n\t<div class=\"fl-col-content fl-node-content\">\n\t<div class=\"fl-module fl-module-info-box fl-node-5ec7ceac36934\" data-node=\"5ec7ceac36934\">\n\t<div class=\"fl-module-content fl-node-content\">\n\t\t<div class=\"uabb-module-content uabb-infobox infobox-left infobox-has-icon infobox-icon-above-title\">\r\n\t<div class=\"uabb-infobox-left-right-wrap\">\r\n\t<div class=\"uabb-infobox-content\"> \r\n\t\t\t<div class=\"uabb-module-content uabb-imgicon-wrap\">\t\t\t\t<span class=\"uabb-icon-wrap\">\r\n\t\t\t<span class=\"uabb-icon\">\r\n\t\t\t\t<i class=\"ua-icon ua-icon-linkedin-with-circle\"><\/i>\r\n\t\t\t<\/span>\r\n\t\t<\/span>\r\n\t\r\n\t\t<\/div><div class='uabb-infobox-title-wrap'><h5 class=\"uabb-infobox-title-prefix\">CEO, C-Level, Team<\/h5><h3 class=\"uabb-infobox-title\">Massgeschneiderte Schulungen f\u00fcr Leaders<\/h3><\/div>\t\t\t<div class=\"uabb-infobox-text-wrap\">\r\n\t\t\t\t<div class=\"uabb-infobox-text uabb-text-editor\"><ul>\n<li>\n<div>Ihre Strategie definieren<\/div>\n<\/li>\n<li>\n<div>Aufbau Ihres Personal Brand<\/div>\n<\/li>\n<li>\n<div>Growing your global network<\/div>\n<\/li>\n<li>\n<div>Ausbau Ihres globalen Netzwerks<\/div>\n<\/li>\n<li>\n<div>Positionierung mit einer Content-Marketing-Strategie<\/div>\n<\/li>\n<\/ul>\n<\/div>\t\t\t<\/div> \r\n\t\t\t\t\t\t<\/div>\t<\/div>\r\n<\/div>\r\n\t<\/div>\n<\/div>\n<div class=\"fl-module fl-module-button fl-node-5ec7ceac36972\" data-node=\"5ec7ceac36972\">\n\t<div class=\"fl-module-content fl-node-content\">\n\t\t<div class=\"fl-button-wrap fl-button-width-auto fl-button-left\">\n\t\t\t<a href=\"https:\/\/dev.erica-kessler.com\/de\/contact\/\" target=\"_self\" class=\"fl-button\" role=\"button\">\n\t\t\t\t\t\t\t<span class=\"fl-button-text\">Kontaktieren Sie mich<\/span>\n\t\t\t\t\t<\/a>\n<\/div>\n\t<\/div>\n<\/div>\n\t<\/div>\n<\/div>\n\t\t\t<div class=\"fl-col fl-node-5ec7ceac36879 fl-col-small\" data-node=\"5ec7ceac36879\">\n\t<div class=\"fl-col-content fl-node-content\">\n\t<div class=\"fl-module fl-module-info-box fl-node-5ec7ceac36a03\" data-node=\"5ec7ceac36a03\">\n\t<div class=\"fl-module-content fl-node-content\">\n\t\t<div class=\"uabb-module-content uabb-infobox infobox-left infobox-has-icon infobox-icon-above-title\">\r\n\t<div class=\"uabb-infobox-left-right-wrap\">\r\n\t<div class=\"uabb-infobox-content\"> \r\n\t\t\t<div class=\"uabb-module-content uabb-imgicon-wrap\">\t\t\t\t<span class=\"uabb-icon-wrap\">\r\n\t\t\t<span class=\"uabb-icon\">\r\n\t\t\t\t<i class=\"ua-icon ua-icon-linkedin-with-circle\"><\/i>\r\n\t\t\t<\/span>\r\n\t\t<\/span>\r\n\t\r\n\t\t<\/div><div class='uabb-infobox-title-wrap'><h5 class=\"uabb-infobox-title-prefix\">Unternehmen<\/h5><h3 class=\"uabb-infobox-title\">Marketing und Kommunikation, HR und Vertrieb<\/h3><\/div>\t\t\t<div class=\"uabb-infobox-text-wrap\">\r\n\t\t\t\t<div class=\"uabb-infobox-text uabb-text-editor\"><ul>\n<li>Ihre Strategie definieren<\/li>\n<li>Langfristige Planung<\/li>\n<li>Unternehmensbrand st\u00e4rken<\/li>\n<li>Personal Brand st\u00e4rken<\/li>\n<li>Auf Sie zugeschnittene Schulungen<\/li>\n<li>Strategische Beratung<\/li>\n<li>Positionierung mit einer Content-Marketing-Strategie<\/li>\n<\/ul>\n<\/div>\t\t\t<\/div> \r\n\t\t\t\t\t\t<\/div>\t<\/div>\r\n<\/div>\r\n\t<\/div>\n<\/div>\n<div class=\"fl-module fl-module-button fl-node-5ec7ceac36a41\" data-node=\"5ec7ceac36a41\">\n\t<div class=\"fl-module-content fl-node-content\">\n\t\t<div class=\"fl-button-wrap fl-button-width-auto fl-button-left\">\n\t\t\t<a href=\"https:\/\/dev.erica-kessler.com\/de\/contact\/\" target=\"_blank\" class=\"fl-button\" role=\"button\" rel=\"noopener\" >\n\t\t\t\t\t\t\t<span class=\"fl-button-text\">Kontaktieren Sie mich<\/span>\n\t\t\t\t\t<\/a>\n<\/div>\n\t<\/div>\n<\/div>\n\t<\/div>\n<\/div>\n\t\t\t<div class=\"fl-col fl-node-5ec7ceac368bc fl-col-small\" data-node=\"5ec7ceac368bc\">\n\t<div class=\"fl-col-content fl-node-content\">\n\t<div class=\"fl-module fl-module-info-box fl-node-5ec7ceac36a7f\" data-node=\"5ec7ceac36a7f\">\n\t<div class=\"fl-module-content fl-node-content\">\n\t\t<div class=\"uabb-module-content uabb-infobox infobox-left infobox-has-icon infobox-icon-above-title\">\r\n\t<div class=\"uabb-infobox-left-right-wrap\">\r\n\t<div class=\"uabb-infobox-content\"> \r\n\t\t\t<div class=\"uabb-module-content uabb-imgicon-wrap\">\t\t\t\t<span class=\"uabb-icon-wrap\">\r\n\t\t\t<span class=\"uabb-icon\">\r\n\t\t\t\t<i class=\"ua-icon ua-icon-linkedin-with-circle\"><\/i>\r\n\t\t\t<\/span>\r\n\t\t<\/span>\r\n\t\r\n\t\t<\/div><div class='uabb-infobox-title-wrap'><h5 class=\"uabb-infobox-title-prefix\">Manager oder F\u00fchrungskr\u00e4fte<\/h5><h3 class=\"uabb-infobox-title\">Arbeitssuchende oder neue Karrierechancen<\/h3><\/div>\t\t\t<div class=\"uabb-infobox-text-wrap\">\r\n\t\t\t\t<div class=\"uabb-infobox-text uabb-text-editor\"><ul>\n<li>Strategie definieren<\/li>\n<li>Auf Sie zugeschnittenes Schulungspaket f\u00fcr 3 oder 6 Monate<\/li>\n<li>Qualit\u00e4tskontrolle<\/li>\n<li>Regelm\u00e4ssige Beratung<\/li>\n<li>Positionierung mit einer Content-Marketing-Strategie\u00a0<\/li>\n<\/ul>\n<\/div>\t\t\t<\/div> \r\n\t\t\t\t\t\t<\/div>\t<\/div>\r\n<\/div>\r\n\t<\/div>\n<\/div>\n<div class=\"fl-module fl-module-button fl-node-5ec7ceac36ac7\" data-node=\"5ec7ceac36ac7\">\n\t<div class=\"fl-module-content fl-node-content\">\n\t\t<div class=\"fl-button-wrap fl-button-width-auto fl-button-left\">\n\t\t\t<a href=\"https:\/\/dev.erica-kessler.com\/de\/contact\/\" target=\"_blank\" class=\"fl-button\" role=\"button\" rel=\"noopener\" >\n\t\t\t\t\t\t\t<span class=\"fl-button-text\">Kontaktieren Sie mich<\/span>\n\t\t\t\t\t<\/a>\n<\/div>\n\t<\/div>\n<\/div>\n\t<\/div>\n<\/div>\n\t\t\t<div class=\"fl-col fl-node-5ec7ceac368eb fl-col-small\" data-node=\"5ec7ceac368eb\">\n\t<div class=\"fl-col-content fl-node-content\">\n\t<div class=\"fl-module fl-module-info-box fl-node-5ec7ceac36b04\" data-node=\"5ec7ceac36b04\">\n\t<div class=\"fl-module-content fl-node-content\">\n\t\t<div class=\"uabb-module-content uabb-infobox infobox-left infobox-has-icon infobox-icon-above-title\">\r\n\t<div class=\"uabb-infobox-left-right-wrap\">\r\n\t<div class=\"uabb-infobox-content\"> \r\n\t\t\t<div class=\"uabb-module-content uabb-imgicon-wrap\">\t\t\t\t<span class=\"uabb-icon-wrap\">\r\n\t\t\t<span class=\"uabb-icon\">\r\n\t\t\t\t<i class=\"ua-icon ua-icon-linkedin-with-circle\"><\/i>\r\n\t\t\t<\/span>\r\n\t\t<\/span>\r\n\t\r\n\t\t<\/div><div class='uabb-infobox-title-wrap'><h5 class=\"uabb-infobox-title-prefix\">Referate<\/h5><h3 class=\"uabb-infobox-title\">Inhouse, Universit\u00e4ten, Events, Messen<\/h3><\/div>\t\t\t<div class=\"uabb-infobox-text-wrap\">\r\n\t\t\t\t<div class=\"uabb-infobox-text uabb-text-editor\"><ul>\n<li>Motivierende Reden \u00fcber Personal Branding, Employer Branding, Modern Selling, Content Marketing und Netzwerken<\/li>\n<li>Massgeschneidert f\u00fcr Ihr Publikum<\/li>\n<li>Referate vor Ort<\/li>\n<li>via Videokonferenz<\/li>\n<\/ul>\n<\/div>\t\t\t<\/div> \r\n\t\t\t\t\t\t<\/div>\t<\/div>\r\n<\/div>\r\n\t<\/div>\n<\/div>\n<div class=\"fl-module fl-module-button fl-node-5ec7ceac36b42\" data-node=\"5ec7ceac36b42\">\n\t<div class=\"fl-module-content fl-node-content\">\n\t\t<div class=\"fl-button-wrap fl-button-width-auto fl-button-left\">\n\t\t\t<a href=\"https:\/\/dev.erica-kessler.com\/de\/contact\/\" target=\"_blank\" class=\"fl-button\" role=\"button\" rel=\"noopener\" >\n\t\t\t\t\t\t\t<span class=\"fl-button-text\">Kontaktieren Sie mich<\/span>\n\t\t\t\t\t<\/a>\n<\/div>\n\t<\/div>\n<\/div>\n\t<\/div>\n<\/div>\n\t<\/div>\n\t\t<\/div>\n\t<\/div>\n<\/div>\n<div class=\"fl-row fl-row-fixed-width fl-row-bg-none fl-node-5efe18800cb0b\" data-node=\"5efe18800cb0b\">\n\t<div class=\"fl-row-content-wrap\">\n\t\t<div class=\"uabb-row-separator uabb-top-row-separator\" >\r\n<\/div>\r\n\t\t\t\t\t\t<div class=\"fl-row-content fl-row-fixed-width fl-node-content\">\n\t\t\n<div class=\"fl-col-group fl-node-5efe1880198c6\" data-node=\"5efe1880198c6\">\n\t\t\t<div class=\"fl-col fl-node-5efe188019af0 fl-col-small\" data-node=\"5efe188019af0\">\n\t<div class=\"fl-col-content fl-node-content\">\n\t<div class=\"fl-module fl-module-photo fl-node-5efe1d708e357\" data-node=\"5efe1d708e357\">\n\t<div class=\"fl-module-content fl-node-content\">\n\t\t<div class=\"fl-photo fl-photo-align-center\" itemscope itemtype=\"https:\/\/schema.org\/ImageObject\">\n\t<div class=\"fl-photo-content fl-photo-img-jpg\">\n\t\t\t\t<img loading=\"lazy\" decoding=\"async\" class=\"fl-photo-img wp-image-671 size-large\" src=\"https:\/\/dev.erica-kessler.com\/wp-content\/uploads\/2020\/07\/erica-kessler-linkedin-for-leaders-ceo-maximise-your-linkedin-presence-strategically-team-training-1024x684.jpg\" alt=\"erica kessler linkedin for leaders ceo maximise your linkedin presence strategically team training\" itemprop=\"image\" height=\"684\" width=\"1024\" title=\"erica kessler linkedin for leaders ceo maximise your linkedin presence strategically team training\" srcset=\"https:\/\/dev.erica-kessler.com\/wp-content\/uploads\/2020\/07\/erica-kessler-linkedin-for-leaders-ceo-maximise-your-linkedin-presence-strategically-team-training-1024x684.jpg 1024w, https:\/\/dev.erica-kessler.com\/wp-content\/uploads\/2020\/07\/erica-kessler-linkedin-for-leaders-ceo-maximise-your-linkedin-presence-strategically-team-training-300x200.jpg 300w, https:\/\/dev.erica-kessler.com\/wp-content\/uploads\/2020\/07\/erica-kessler-linkedin-for-leaders-ceo-maximise-your-linkedin-presence-strategically-team-training-768x513.jpg 768w, https:\/\/dev.erica-kessler.com\/wp-content\/uploads\/2020\/07\/erica-kessler-linkedin-for-leaders-ceo-maximise-your-linkedin-presence-strategically-team-training.jpg 1200w\" sizes=\"(max-width: 1024px) 100vw, 1024px\" \/>\n\t\t\t\t\t<\/div>\n\t<\/div>\n\t<\/div>\n<\/div>\n\t<\/div>\n<\/div>\n\t\t\t<div class=\"fl-col fl-node-5efe1d5aca40a fl-col-small\" data-node=\"5efe1d5aca40a\">\n\t<div class=\"fl-col-content fl-node-content\">\n\t<div class=\"fl-module fl-module-photo fl-node-5efe18800be4e\" data-node=\"5efe18800be4e\">\n\t<div class=\"fl-module-content fl-node-content\">\n\t\t<div class=\"fl-photo fl-photo-align-center\" itemscope itemtype=\"https:\/\/schema.org\/ImageObject\">\n\t<div class=\"fl-photo-content fl-photo-img-jpg\">\n\t\t\t\t<img loading=\"lazy\" decoding=\"async\" class=\"fl-photo-img wp-image-675 size-full\" src=\"https:\/\/dev.erica-kessler.com\/wp-content\/uploads\/2020\/07\/erica-kessler-linkedin-for-leaders-team-training-maximise-your-linkedin-presence-strategically.jpg\" alt=\"erica kessler linkedin for leaders team training maximise your linkedin presence strategically\" itemprop=\"image\" height=\"801\" width=\"1200\" title=\"erica kessler linkedin for leaders team training maximise your linkedin presence strategically\" srcset=\"https:\/\/dev.erica-kessler.com\/wp-content\/uploads\/2020\/07\/erica-kessler-linkedin-for-leaders-team-training-maximise-your-linkedin-presence-strategically.jpg 1200w, https:\/\/dev.erica-kessler.com\/wp-content\/uploads\/2020\/07\/erica-kessler-linkedin-for-leaders-team-training-maximise-your-linkedin-presence-strategically-300x200.jpg 300w, https:\/\/dev.erica-kessler.com\/wp-content\/uploads\/2020\/07\/erica-kessler-linkedin-for-leaders-team-training-maximise-your-linkedin-presence-strategically-1024x684.jpg 1024w, https:\/\/dev.erica-kessler.com\/wp-content\/uploads\/2020\/07\/erica-kessler-linkedin-for-leaders-team-training-maximise-your-linkedin-presence-strategically-768x513.jpg 768w\" sizes=\"(max-width: 1200px) 100vw, 1200px\" \/>\n\t\t\t\t\t<\/div>\n\t<\/div>\n\t<\/div>\n<\/div>\n\t<\/div>\n<\/div>\n\t<\/div>\n\t\t<\/div>\n\t<\/div>\n<\/div>\n<\/div><div class=\"uabb-js-breakpoint\" style=\"display: none;\"><\/div>","protected":false},"excerpt":{"rendered":"<p>Premium high-end customized LinkedIn Services Many people can benefit from an improved social media LinkedIn presence; however, I have seen the most success by helping: ORGANIZATIONS Organizations interested in identifying potential clients and marketing qualified leads with modern selling Human resource managers, recruiters and headhunters scoping fresh and talented professionals or seeking to be visible&hellip;<\/p>","protected":false},"author":1,"featured_media":0,"parent":0,"menu_order":0,"comment_status":"closed","ping_status":"closed","template":"","meta":{"_acf_changed":false,"_monsterinsights_skip_tracking":false,"_monsterinsights_sitenote_active":false,"_monsterinsights_sitenote_note":"","_monsterinsights_sitenote_category":0,"footnotes":""},"acf":[],"yoast_head":"<!-- This site is optimized with the Yoast SEO plugin v22.8 - https:\/\/yoast.com\/wordpress\/plugins\/seo\/ -->\n<title>Services - Erica Kessler LinkedIn training<\/title>\n<meta name=\"description\" content=\"Premium high-end customized global LinkedIn Services for CEOs, executives and organizations who want to be leaders on LinkedIn.\" \/>\n<meta name=\"robots\" content=\"index, follow, max-snippet:-1, max-image-preview:large, max-video-preview:-1\" \/>\n<link rel=\"canonical\" href=\"https:\/\/dev.erica-kessler.com\/de\/services\/\" \/>\n<meta property=\"og:locale\" content=\"de_DE\" \/>\n<meta property=\"og:type\" content=\"article\" \/>\n<meta property=\"og:title\" content=\"Services - Erica Kessler LinkedIn training\" \/>\n<meta property=\"og:description\" content=\"Premium high-end customized global LinkedIn Services for CEOs, executives and organizations who want to be leaders on LinkedIn.\" \/>\n<meta property=\"og:url\" content=\"https:\/\/dev.erica-kessler.com\/de\/services\/\" \/>\n<meta property=\"og:site_name\" content=\"Erica Kessler\" \/>\n<meta property=\"article:modified_time\" content=\"2021-10-15T08:35:48+00:00\" \/>\n<meta property=\"og:image\" content=\"https:\/\/dev.erica-kessler.com\/wp-content\/uploads\/2020\/07\/erica-kessler-linkedin-for-leaders-ceo-maximise-your-linkedin-presence-strategically-team-training-1024x684.jpg\" \/>\n<meta name=\"twitter:label1\" content=\"Gesch\u00e4tzte Lesezeit\" \/>\n\t<meta name=\"twitter:data1\" content=\"2\u00a0Minuten\" \/>\n<!-- \/ Yoast SEO plugin. -->","yoast_head_json":{"title":"Services - Erica Kessler LinkedIn training","description":"Premium high-end customized global LinkedIn Services for CEOs, executives and organizations who want to be leaders on LinkedIn.","robots":{"index":"index","follow":"follow","max-snippet":"max-snippet:-1","max-image-preview":"max-image-preview:large","max-video-preview":"max-video-preview:-1"},"canonical":"https:\/\/dev.erica-kessler.com\/de\/services\/","og_locale":"de_DE","og_type":"article","og_title":"Services - Erica Kessler LinkedIn training","og_description":"Premium high-end customized global LinkedIn Services for CEOs, executives and organizations who want to be leaders on LinkedIn.","og_url":"https:\/\/dev.erica-kessler.com\/de\/services\/","og_site_name":"Erica Kessler","article_modified_time":"2021-10-15T08:35:48+00:00","og_image":[{"url":"https:\/\/dev.erica-kessler.com\/wp-content\/uploads\/2020\/07\/erica-kessler-linkedin-for-leaders-ceo-maximise-your-linkedin-presence-strategically-team-training-1024x684.jpg"}],"twitter_misc":{"Gesch\u00e4tzte Lesezeit":"2\u00a0Minuten"},"schema":{"@context":"https:\/\/schema.org","@graph":[{"@type":"WebPage","@id":"https:\/\/dev.erica-kessler.com\/services\/","url":"https:\/\/dev.erica-kessler.com\/services\/","name":"Services - Erica Kessler LinkedIn training","isPartOf":{"@id":"https:\/\/dev.erica-kessler.com\/#website"},"primaryImageOfPage":{"@id":"https:\/\/dev.erica-kessler.com\/services\/#primaryimage"},"image":{"@id":"https:\/\/dev.erica-kessler.com\/services\/#primaryimage"},"thumbnailUrl":"https:\/\/dev.erica-kessler.com\/wp-content\/uploads\/2020\/07\/erica-kessler-linkedin-for-leaders-ceo-maximise-your-linkedin-presence-strategically-team-training-1024x684.jpg","datePublished":"2020-02-10T18:08:21+00:00","dateModified":"2021-10-15T08:35:48+00:00","description":"Premium high-end customized global LinkedIn Services for CEOs, executives and organizations who want to be leaders on LinkedIn.","breadcrumb":{"@id":"https:\/\/dev.erica-kessler.com\/services\/#breadcrumb"},"inLanguage":"de","potentialAction":[{"@type":"ReadAction","target":["https:\/\/dev.erica-kessler.com\/services\/"]}]},{"@type":"ImageObject","inLanguage":"de","@id":"https:\/\/dev.erica-kessler.com\/services\/#primaryimage","url":"https:\/\/dev.erica-kessler.com\/wp-content\/uploads\/2020\/07\/erica-kessler-linkedin-for-leaders-ceo-maximise-your-linkedin-presence-strategically-team-training-1024x684.jpg","contentUrl":"https:\/\/dev.erica-kessler.com\/wp-content\/uploads\/2020\/07\/erica-kessler-linkedin-for-leaders-ceo-maximise-your-linkedin-presence-strategically-team-training-1024x684.jpg"},{"@type":"BreadcrumbList","@id":"https:\/\/dev.erica-kessler.com\/services\/#breadcrumb","itemListElement":[{"@type":"ListItem","position":1,"name":"Home","item":"https:\/\/dev.erica-kessler.com\/"},{"@type":"ListItem","position":2,"name":"Services"}]},{"@type":"WebSite","@id":"https:\/\/dev.erica-kessler.com\/#website","url":"https:\/\/dev.erica-kessler.com\/","name":"Erica Kessler","description":"Erica Kessler is a LinkedIn Trainer, Lecturer and Speaker","potentialAction":[{"@type":"SearchAction","target":{"@type":"EntryPoint","urlTemplate":"https:\/\/dev.erica-kessler.com\/?s={search_term_string}"},"query-input":"required name=search_term_string"}],"inLanguage":"de"}]}},"_links":{"self":[{"href":"https:\/\/dev.erica-kessler.com\/de\/wp-json\/wp\/v2\/pages\/17"}],"collection":[{"href":"https:\/\/dev.erica-kessler.com\/de\/wp-json\/wp\/v2\/pages"}],"about":[{"href":"https:\/\/dev.erica-kessler.com\/de\/wp-json\/wp\/v2\/types\/page"}],"author":[{"embeddable":true,"href":"https:\/\/dev.erica-kessler.com\/de\/wp-json\/wp\/v2\/users\/1"}],"replies":[{"embeddable":true,"href":"https:\/\/dev.erica-kessler.com\/de\/wp-json\/wp\/v2\/comments?post=17"}],"version-history":[{"count":5,"href":"https:\/\/dev.erica-kessler.com\/de\/wp-json\/wp\/v2\/pages\/17\/revisions"}],"predecessor-version":[{"id":1084,"href":"https:\/\/dev.erica-kessler.com\/de\/wp-json\/wp\/v2\/pages\/17\/revisions\/1084"}],"wp:attachment":[{"href":"https:\/\/dev.erica-kessler.com\/de\/wp-json\/wp\/v2\/media?parent=17"}],"curies":[{"name":"wp","href":"https:\/\/api.w.org\/{rel}","templated":true}]}}